{"id":24,"date":"2017-03-23T21:23:41","date_gmt":"2017-03-23T21:23:41","guid":{"rendered":"http:\/\/infodebuses.recorrido.cl\/?page_id=24"},"modified":"2017-09-29T10:09:11","modified_gmt":"2017-09-29T13:09:11","slug":"inicio","status":"publish","type":"page","link":"https:\/\/www.infodebuses.cl\/es\/","title":{"rendered":"Inicio"},"content":{"rendered":"<h1>Informaci\u00f3n de horarios y pasajes en bus en Chile<\/h1>\n<p>En infodebuses.cl podr\u00e1s encontrar toda la informaci\u00f3n antes de realizar tu viaje en bus dentro de Chile. Conoce los horarios de salidas, frecuencias y datos de las distintas empresas de buses que realizan tu viaje. Adem\u00e1s, completa informaci\u00f3n sobre terminales de buses de Santiago, Norte y Sur del Chile. Adem\u00e1s, te informamos sobre las estad\u00edsticas del <a href=\"http:\/\/www.mtt.gob.cl\/\">Ministerio de Transportes y Comunicaciones<\/a>.<\/p>\n<h2>Empresas de buses destacadas en infodebuses.cl:<\/h2>\n<table border=\"1\" cellspacing=\"1\" cellpadding=\"1\">\n<tbody>\n<tr>\n<td><a href=\"https:\/\/www.infodebuses.cl\/es\/buses\/turbus\/\">Turbus<\/a><\/td>\n<td>\u00a0<img loading=\"lazy\" class=\"size-full wp-image-112 aligncenter\" src=\"https:\/\/www.infodebuses.cl\/wp-content\/uploads\/2017\/04\/turbus-logotipo-e1494351324179.png\" alt=\"logotipo de turbus\" width=\"140\" height=\"50\" \/><\/td>\n<\/tr>\n<tr>\n<td><a href=\"https:\/\/www.infodebuses.cl\/es\/buses\/pullman-bus\/\">Pullman Bus<\/a><\/td>\n<td>\u00a0<img loading=\"lazy\" class=\"size-medium wp-image-89 aligncenter\" src=\"https:\/\/www.infodebuses.cl\/wp-content\/uploads\/2017\/05\/pullman-bus-logo-300x80.png\" alt=\"Pullman bus logotipo\" width=\"300\" height=\"80\" \/><\/td>\n<\/tr>\n<tr>\n<td><a href=\"https:\/\/www.infodebuses.cl\/es\/buses\/cruz-del-sur\/\">Cruz del Sur<\/a><\/td>\n<td>\u00a0<img loading=\"lazy\" class=\"size-full wp-image-96 aligncenter\" src=\"https:\/\/www.infodebuses.cl\/wp-content\/uploads\/2017\/05\/cruz-del-sur-logo.png\" alt=\"logotipo cruz del sur\" width=\"150\" height=\"34\" \/><\/td>\n<\/tr>\n<tr>\n<td><a href=\"https:\/\/www.infodebuses.cl\/es\/buses\/condor-bus\/\">Condor Bus<\/a><\/td>\n<td>\u00a0<img loading=\"lazy\" class=\"size-full wp-image-94 aligncenter\" src=\"https:\/\/www.infodebuses.cl\/wp-content\/uploads\/2017\/05\/condor-bus-logotipo-e1493997143633.png\" alt=\"logotipo de condor bus\" width=\"150\" height=\"51\" \/><\/td>\n<\/tr>\n<tr>\n<td><a href=\"https:\/\/www.infodebuses.cl\/es\/buses\/eme-bus\/\">EME Bus<\/a><\/td>\n<td><img loading=\"lazy\" class=\"size-full wp-image-83 aligncenter\" src=\"https:\/\/www.infodebuses.cl\/wp-content\/uploads\/2017\/05\/eme-bus-logotipo-1-1.png\" alt=\"Logotipo de EME Bus\" width=\"80\" height=\"48\" \/><\/td>\n<\/tr>\n<tr>\n<td><a href=\"https:\/\/www.infodebuses.cl\/es\/buses\/buses-jac\/\">Buses JAC<\/a><\/td>\n<td><img loading=\"lazy\" class=\"size-full wp-image-118 aligncenter\" src=\"https:\/\/www.infodebuses.cl\/wp-content\/uploads\/2017\/05\/buses-jac-logotipo-e1494360711317.png\" alt=\"logotipo de buses jac\" width=\"120\" height=\"48\" \/><\/td>\n<\/tr>\n<tr>\n<td><a href=\"https:\/\/www.infodebuses.cl\/es\/buses\/etm\/\">Buses ETM<\/a><\/td>\n<td><img loading=\"lazy\" class=\"size-full wp-image-104 aligncenter\" src=\"https:\/\/www.infodebuses.cl\/wp-content\/uploads\/2017\/05\/Buses-ETM-logo.png\" alt=\"Logotipo Buses ETM\" width=\"210\" height=\"44\" \/><\/td>\n<\/tr>\n<tr>\n<td><a href=\"https:\/\/www.infodebuses.cl\/es\/buses\/ciktur\/\">Ciktur<\/a><\/td>\n<td><img loading=\"lazy\" class=\"size-medium wp-image-107 aligncenter\" src=\"https:\/\/www.infodebuses.cl\/wp-content\/uploads\/2017\/05\/Ciktur-logotipo-300x97.png\" alt=\"logotipo ciktur\" width=\"300\" height=\"97\" \/><\/td>\n<\/tr>\n<tr>\n<td><a href=\"https:\/\/www.infodebuses.cl\/es\/buses\/jet-sur\/\">Jet Sur<\/a><\/td>\n<td><img loading=\"lazy\" class=\"size-full wp-image-115 aligncenter\" src=\"https:\/\/www.infodebuses.cl\/wp-content\/uploads\/2017\/05\/jet-sur-logotipo-e1494357870128.png\" alt=\"logotipo de jet sur\" width=\"100\" height=\"51\" \/><\/td>\n<\/tr>\n<tr>\n<td><a href=\"https:\/\/www.infodebuses.cl\/es\/buses\/buses-romani\/\">Buses Romani<\/a><\/td>\n<td><img loading=\"lazy\" class=\"size-medium wp-image-129 aligncenter\" src=\"https:\/\/www.infodebuses.cl\/wp-content\/uploads\/2017\/05\/buses-romani-logotipo-300x80.png\" alt=\"logotipo de buses romani\" width=\"300\" height=\"80\" \/><\/td>\n<\/tr>\n<\/tbody>\n<\/table>\n<p>&nbsp;<\/p>\n<p>Toda la informaci\u00f3n de los buses en Colombia puedes encontrar en <a href=\"https:\/\/www.infodebuses.com.co\">infodebuses.com.co<\/a>: Pasajes, horarios, contactos y m\u00e1s del mercado colombiano.<\/p>\n<p>&nbsp;<\/p>\n","protected":false},"excerpt":{"rendered":"<p>Informaci\u00f3n de horarios y pasajes en bus en Chile En infodebuses.cl podr\u00e1s encontrar toda la informaci\u00f3n antes de realizar tu viaje en bus dentro de Chile. Conoce los horarios de salidas, frecuencias y datos de las distintas empresas de buses que realizan tu viaje. Adem\u00e1s, completa informaci\u00f3n sobre terminales de buses de Santiago, Norte y [&hellip;]<\/p>\n","protected":false},"author":3,"featured_media":0,"parent":0,"menu_order":0,"comment_status":"closed","ping_status":"closed","template":"","meta":{"_monsterinsights_skip_tracking":false,"_monsterinsights_sitenote_active":false,"_monsterinsights_sitenote_note":"","_monsterinsights_sitenote_category":0},"_links":{"self":[{"href":"https:\/\/www.infodebuses.cl\/es\/wp-json\/wp\/v2\/pages\/24"}],"collection":[{"href":"https:\/\/www.infodebuses.cl\/es\/wp-json\/wp\/v2\/pages"}],"about":[{"href":"https:\/\/www.infodebuses.cl\/es\/wp-json\/wp\/v2\/types\/page"}],"author":[{"embeddable":true,"href":"https:\/\/www.infodebuses.cl\/es\/wp-json\/wp\/v2\/users\/3"}],"replies":[{"embeddable":true,"href":"https:\/\/www.infodebuses.cl\/es\/wp-json\/wp\/v2\/comments?post=24"}],"version-history":[{"count":0,"href":"https:\/\/www.infodebuses.cl\/es\/wp-json\/wp\/v2\/pages\/24\/revisions"}],"wp:attachment":[{"href":"https:\/\/www.infodebuses.cl\/es\/wp-json\/wp\/v2\/media?parent=24"}],"curies":[{"name":"wp","href":"https:\/\/api.w.org\/{rel}","templated":true}]}}